{"id":999,"date":"2025-06-15T20:10:54","date_gmt":"2025-06-15T13:10:54","guid":{"rendered":"https:\/\/balangthanhhiep.com\/?post_type=product&#038;p=999"},"modified":"2025-12-16T18:00:14","modified_gmt":"2025-12-16T11:00:14","slug":"nuoc-mam-cot-ca-ca-com-ba-lang-thanh-hiep-do-dam-30-nau","status":"publish","type":"product","link":"https:\/\/balangthanhhiep.com\/?product=nuoc-mam-cot-ca-ca-com-ba-lang-thanh-hiep-do-dam-30-nau","title":{"rendered":"N\u01af\u1edaC M\u1eaeM C\u1ed0T C\u00c1 C\u01a0M BA L\u00c0NG TH\u00c0NH HI\u1ec6P \u1ee6 2 N\u0102M"},"content":{"rendered":"<p class=\"p1\"><b>Th\u00e0nh ph\u1ea7n:\u00a0<\/b><\/p>\n<p class=\"p1\">C\u00e1 c\u01a1m 80%, mu\u1ed1i th\u1ef1c ph\u1ea9m 20%<\/p>\n<p><strong>Ch\u1ec9 ti\u00eau ch\u1ea5t l\u01b0\u1ee3ng\u00a0 :<\/strong><\/p>\n<p>H\u00e0m l\u01b0\u1ee3ng Nito to\u00e0n ph\u1ea7n : 30hN\/l<\/p>\n<p>H\u00e0m l\u01b0\u1ee3ng \u0111\u1ea1m Acid amin\/\u0111\u1ea1m t\u1ed5ng s\u1ed1 &gt;50%<\/p>\n<p class=\"p1\"><b>C\u00e1ch d\u00f9ng:\u00a0<\/b><\/p>\n<p class=\"p1\">D\u00f9ng \u0103n\u00a0 ngay ho\u1eb7c ch\u1ebf c\u00e1c m\u00f3n \u0103n kh\u00e1c tu\u1ef3 \u00fd.<\/p>\n<p class=\"p1\"><b>B\u1ea3o qu\u1ea3n:\u00a0<\/b><\/p>\n<p>\u0110\u1ec3 n\u01a1i kh\u00f4 m\u00e1t, tr\u00e1nh \u00e1nh s\u00e1ng tr\u1ef1c ti\u1ebfp, \u0111\u1eady n\u1eafp k\u00edn sau khi s\u1eed d\u1ee5ng.<\/p>\n<p><strong>S\u1ed1 TCB :<\/strong> 01\/MT &#8211; THANHHIEP\/2024. Ch\u1ee9ng nh\u1eadn<\/p>\n<p><strong>ATTP s\u1ed1 :<\/strong> 0040\/2021\/NNPTNT &#8211; TH<\/p>\n<p><strong>Th\u1ec3 t\u00edch th\u1ef1c :<\/strong> 1 L\u00cdT<\/p>\n<p><strong>L\u01b0u \u00fd :<\/strong> Kh\u00f4ng s\u1eed d\u1ee5ng s\u1ea3n ph\u1ea9m h\u1ebft HSD ho\u1eb7c c\u00f3 d\u1ea5u hi\u1ec7u h\u01b0 h\u1ecfng<\/p>\n<p><strong>HSD :<\/strong> 24 Th\u00e1ng<\/p>\n<p class=\"p1\"><b>Xu\u1ea5t X\u1ee9 : <\/b>S\u1ea3n xu\u1ea5t t\u1ea1i Vi\u1ec7t Nam<\/p>\n","protected":false},"excerpt":{"rendered":"<p>Th\u00e0nh ph\u1ea7n:\u00a0 C\u00e1 c\u01a1m 80%, mu\u1ed1i th\u1ef1c ph\u1ea9m 20% Ch\u1ec9 ti\u00eau ch\u1ea5t l\u01b0\u1ee3ng\u00a0 : H\u00e0m l\u01b0\u1ee3ng Nito to\u00e0n ph\u1ea7n : 30hN\/l H\u00e0m l\u01b0\u1ee3ng \u0111\u1ea1m Acid amin\/\u0111\u1ea1m t\u1ed5ng s\u1ed1 &gt;50% C\u00e1ch d\u00f9ng:\u00a0 D\u00f9ng \u0103n\u00a0 ngay ho\u1eb7c ch\u1ebf c\u00e1c m\u00f3n \u0103n kh\u00e1c tu\u1ef3 \u00fd. B\u1ea3o qu\u1ea3n:\u00a0 \u0110\u1ec3 n\u01a1i kh\u00f4 m\u00e1t, tr\u00e1nh \u00e1nh s\u00e1ng tr\u1ef1c ti\u1ebfp, \u0111\u1eady n\u1eafp&#8230;<\/p>\n","protected":false},"featured_media":1000,"comment_status":"closed","ping_status":"closed","template":"","meta":[],"_links":{"self":[{"href":"https:\/\/balangthanhhiep.com\/index.php?rest_route=\/wp\/v2\/product\/999"}],"collection":[{"href":"https:\/\/balangthanhhiep.com\/index.php?rest_route=\/wp\/v2\/product"}],"about":[{"href":"https:\/\/balangthanhhiep.com\/index.php?rest_route=\/wp\/v2\/types\/product"}],"replies":[{"embeddable":true,"href":"https:\/\/balangthanhhiep.com\/index.php?rest_route=%2Fwp%2Fv2%2Fcomments&post=999"}],"wp:featuredmedia":[{"embeddable":true,"href":"https:\/\/balangthanhhiep.com\/index.php?rest_route=\/wp\/v2\/media\/1000"}],"wp:attachment":[{"href":"https:\/\/balangthanhhiep.com\/index.php?rest_route=%2Fwp%2Fv2%2Fmedia&parent=999"}],"curies":[{"name":"wp","href":"https:\/\/api.w.org\/{rel}","templated":true}]}}