{"id":930,"date":"2024-06-21T23:43:43","date_gmt":"2024-06-21T16:43:43","guid":{"rendered":"https:\/\/balangthanhhiep.com\/?post_type=product&#038;p=930"},"modified":"2025-06-15T21:19:25","modified_gmt":"2025-06-15T14:19:25","slug":"mam-tep-dac-biet-ba-lang-thanh-hiep-lo-nap-xanh-400gr","status":"publish","type":"product","link":"https:\/\/balangthanhhiep.com\/?product=mam-tep-dac-biet-ba-lang-thanh-hiep-lo-nap-xanh-400gr","title":{"rendered":"3 L\u1ecc M\u1eaeM T\u00c9P \u0110\u1eb6C BI\u1ec6T BA L\u00c0NG TH\u00c0NH HI\u1ec6P(400G H\u0168 NH\u1ef0A PET)"},"content":{"rendered":"<p class=\"p1\">Moi bi\u1ec3n t\u01b0\u01a1i (78%), mu\u1ed1i tinh (20%) th\u00ednh n\u1ebfp, \u1edbt (2%)<\/p>\n<p><strong>Ch\u1ec9 ti\u00eau ch\u1ea5t l\u01b0\u1ee3ng \u0111\u1ed9 \u0111\u1ea1m :<\/strong><\/p>\n<p>H\u00e0m l\u01b0\u1ee3ng Nito t\u1ed5ng s\u1ed1 &gt;= 22,6%<\/p>\n<p class=\"p1\"><b>C\u00e1ch d\u00f9ng:\u00a0<\/b><\/p>\n<p class=\"p1\">Phi h\u00e0nh v\u00e0ng heo s\u1ea5n b\u0103m nh\u1ecf, tr\u1ed9n \u0111\u1ec1u cho m\u1eafm t\u00e9p v\u00e0o ch\u01b0ng th\u00eam, \u0111\u01b0\u1eddng, m\u1ef3 ch\u00ednh,&#8230;<\/p>\n<p class=\"p1\"><b>B\u1ea3o qu\u1ea3n:\u00a0<\/b><\/p>\n<p>\u0110\u1ec3 n\u01a1i kh\u00f4 m\u00e1t, tr\u00e1nh \u00e1nh s\u00e1ng tr\u1ef1c ti\u1ebfp, \u0111\u1eady n\u1eafp k\u00edn sau khi s\u1eed d\u1ee5ng.<\/p>\n<p><strong>L\u01b0u \u00fd :<\/strong> Kh\u00f4ng s\u1eed d\u1ee5ng s\u1ea3n ph\u1ea9m h\u1ebft HSD ho\u1eb7c c\u00f3 d\u1ea5u hi\u1ec7u h\u01b0 h\u1ecfng<\/p>\n<p><strong>HSD :<\/strong> 24 Th\u00e1ng<\/p>\n<p class=\"p1\"><b>Xu\u1ea5t X\u1ee9 : <\/b>S\u1ea3n xu\u1ea5t t\u1ea1i Vi\u1ec7t Nam<\/p>\n","protected":false},"excerpt":{"rendered":"<p>Moi bi\u1ec3n t\u01b0\u01a1i (78%), mu\u1ed1i tinh (20%) th\u00ednh n\u1ebfp, \u1edbt (2%) Ch\u1ec9 ti\u00eau ch\u1ea5t l\u01b0\u1ee3ng \u0111\u1ed9 \u0111\u1ea1m : H\u00e0m l\u01b0\u1ee3ng Nito t\u1ed5ng s\u1ed1 &gt;= 22,6% C\u00e1ch d\u00f9ng:\u00a0 Phi h\u00e0nh v\u00e0ng heo s\u1ea5n b\u0103m nh\u1ecf, tr\u1ed9n \u0111\u1ec1u cho m\u1eafm t\u00e9p v\u00e0o ch\u01b0ng th\u00eam, \u0111\u01b0\u1eddng, m\u1ef3 ch\u00ednh,&#8230; B\u1ea3o qu\u1ea3n:\u00a0 \u0110\u1ec3 n\u01a1i kh\u00f4 m\u00e1t, tr\u00e1nh \u00e1nh s\u00e1ng tr\u1ef1c&#8230;<\/p>\n","protected":false},"featured_media":931,"comment_status":"closed","ping_status":"closed","template":"","meta":[],"_links":{"self":[{"href":"https:\/\/balangthanhhiep.com\/index.php?rest_route=\/wp\/v2\/product\/930"}],"collection":[{"href":"https:\/\/balangthanhhiep.com\/index.php?rest_route=\/wp\/v2\/product"}],"about":[{"href":"https:\/\/balangthanhhiep.com\/index.php?rest_route=\/wp\/v2\/types\/product"}],"replies":[{"embeddable":true,"href":"https:\/\/balangthanhhiep.com\/index.php?rest_route=%2Fwp%2Fv2%2Fcomments&post=930"}],"wp:featuredmedia":[{"embeddable":true,"href":"https:\/\/balangthanhhiep.com\/index.php?rest_route=\/wp\/v2\/media\/931"}],"wp:attachment":[{"href":"https:\/\/balangthanhhiep.com\/index.php?rest_route=%2Fwp%2Fv2%2Fmedia&parent=930"}],"curies":[{"name":"wp","href":"https:\/\/api.w.org\/{rel}","templated":true}]}}